{"id":396,"date":"2018-06-10T15:57:18","date_gmt":"2018-06-10T13:57:18","guid":{"rendered":"http:\/\/iuris.be\/wp\/?page_id=396"},"modified":"2020-03-31T11:14:19","modified_gmt":"2020-03-31T09:14:19","slug":"pierre-vandueren","status":"publish","type":"page","link":"https:\/\/iuris.be\/wp\/fr\/pierre-vandueren","title":{"rendered":"Pierre VANDUEREN"},"content":{"rendered":"<div class=\"content\">\n<h1 style=\"text-align: justify;\">Pierre VANDUEREN<\/h1>\n<p style=\"text-align: justify;\"><a class=\"email\" href=\"mailto:vandueren@iuris.be\">vandueren@iuris.be<\/a><\/p>\n<div class=\"left-part-fiche\" style=\"text-align: justify;\"><img loading=\"lazy\" class=\"size-medium wp-image-348 alignleft\" src=\"http:\/\/iuris.be\/wp\/wp-content\/uploads\/2018\/06\/05032018-Capture0052-Modifier-Modifier-2-200x300.jpg\" alt=\"\" width=\"200\" height=\"300\" srcset=\"https:\/\/iuris.be\/wp\/wp-content\/uploads\/2018\/06\/05032018-Capture0052-Modifier-Modifier-2-200x300.jpg 200w, https:\/\/iuris.be\/wp\/wp-content\/uploads\/2018\/06\/05032018-Capture0052-Modifier-Modifier-2.jpg 426w\" sizes=\"(max-width: 200px) 100vw, 200px\" \/><\/div>\n<div class=\"right-part-fiche\">\n<p style=\"text-align: justify;\">Pierre Vandueren est n\u00e9 en 1986.<\/p>\n<p style=\"text-align: justify;\">Il est licenci\u00e9 en droit de l&rsquo;Universit\u00e9 Libre de Bruxelles en 2008.<\/p>\n<p style=\"text-align: justify;\">Il est titulaire d\u2019un master compl\u00e9mentaire en droit de l\u2019environnement et droit public immobilier \u00e0 l\u2019Universit\u00e9 Saint-Louis, obtenu en 2009.<\/p>\n<p style=\"text-align: justify;\">Il s&rsquo;inscrit la m\u00eame ann\u00e9e au Barreau de Bruxelles.<\/p>\n<p style=\"text-align: justify;\">Il obtient en 2016 un certificat d&rsquo;universit\u00e9 en criminalistique et psychiatrie m\u00e9dico-l\u00e9gale.<\/p>\n<p style=\"text-align: justify;\">Pierre pratique habituellement le droit p\u00e9nal g\u00e9n\u00e9ral, le droit du roulage, le droit des biens (baux, copropri\u00e9t\u00e9) et le droit public (droit administratif, urbanisme,..).<\/p>\n<\/div>\n<\/div>\n","protected":false},"excerpt":{"rendered":"<p>Pierre VANDUEREN vandueren@iuris.be Pierre Vandueren est n\u00e9 en 1986. Il est licenci\u00e9 en droit de l&rsquo;Universit\u00e9 Libre de Bruxelles en 2008. Il est titulaire d\u2019un master compl\u00e9mentaire en droit de l\u2019environnement et droit public immobilier \u00e0 l\u2019Universit\u00e9 Saint-Louis, obtenu en 2009. Il s&rsquo;inscrit la m\u00eame ann\u00e9e au Barreau de Bruxelles. Il obtient en 2016 un certificat&#8230;<\/p>\n","protected":false},"author":1,"featured_media":348,"parent":0,"menu_order":11,"comment_status":"closed","ping_status":"closed","template":"","meta":[],"_links":{"self":[{"href":"https:\/\/iuris.be\/wp\/fr\/wp-json\/wp\/v2\/pages\/396"}],"collection":[{"href":"https:\/\/iuris.be\/wp\/fr\/wp-json\/wp\/v2\/pages"}],"about":[{"href":"https:\/\/iuris.be\/wp\/fr\/wp-json\/wp\/v2\/types\/page"}],"author":[{"embeddable":true,"href":"https:\/\/iuris.be\/wp\/fr\/wp-json\/wp\/v2\/users\/1"}],"replies":[{"embeddable":true,"href":"https:\/\/iuris.be\/wp\/fr\/wp-json\/wp\/v2\/comments?post=396"}],"version-history":[{"count":4,"href":"https:\/\/iuris.be\/wp\/fr\/wp-json\/wp\/v2\/pages\/396\/revisions"}],"predecessor-version":[{"id":615,"href":"https:\/\/iuris.be\/wp\/fr\/wp-json\/wp\/v2\/pages\/396\/revisions\/615"}],"wp:featuredmedia":[{"embeddable":true,"href":"https:\/\/iuris.be\/wp\/fr\/wp-json\/wp\/v2\/media\/348"}],"wp:attachment":[{"href":"https:\/\/iuris.be\/wp\/fr\/wp-json\/wp\/v2\/media?parent=396"}],"curies":[{"name":"wp","href":"https:\/\/api.w.org\/{rel}","templated":true}]}}