{"id":421,"date":"2018-06-10T16:09:52","date_gmt":"2018-06-10T14:09:52","guid":{"rendered":"http:\/\/iuris.be\/wp\/?page_id=421"},"modified":"2021-01-29T12:08:43","modified_gmt":"2021-01-29T11:08:43","slug":"fatima-houat","status":"publish","type":"page","link":"https:\/\/iuris.be\/wp\/fr\/fatima-houat","title":{"rendered":"Fatima HOUAT"},"content":{"rendered":"<div class=\"content\">\n<h1 style=\"text-align: justify;\">Fatima HOUAT<\/h1>\n<p style=\"text-align: justify;\"><a class=\"email\" href=\"mailto:houat@iuris.be\">houat@iuris.be<\/a><\/p>\n<div class=\"left-part-fiche\" style=\"text-align: justify;\"><\/div>\n<div class=\"right-part-fiche\">\n<p><img loading=\"lazy\" class=\"alignnone size-medium wp-image-774 alignleft\" src=\"http:\/\/iuris.be\/wp\/wp-content\/uploads\/2021\/01\/houat-2-200x300.jpg\" alt=\"\" width=\"200\" height=\"300\" srcset=\"https:\/\/iuris.be\/wp\/wp-content\/uploads\/2021\/01\/houat-2-200x300.jpg 200w, https:\/\/iuris.be\/wp\/wp-content\/uploads\/2021\/01\/houat-2-768x1154.jpg 768w, https:\/\/iuris.be\/wp\/wp-content\/uploads\/2021\/01\/houat-2-681x1024.jpg 681w, https:\/\/iuris.be\/wp\/wp-content\/uploads\/2021\/01\/houat-2-8x12.jpg 8w, https:\/\/iuris.be\/wp\/wp-content\/uploads\/2021\/01\/houat-2-500x752.jpg 500w, https:\/\/iuris.be\/wp\/wp-content\/uploads\/2021\/01\/houat-2.jpg 1996w\" sizes=\"(max-width: 200px) 100vw, 200px\" \/><\/p>\n<p>Fatima HOUAT est avocate au Barreau de Bruxelles depuis 2007 et m\u00e9diatrice agr\u00e9\u00e9e par la Commission f\u00e9d\u00e9rale de m\u00e9diation en mati\u00e8res civile et commerciale.<\/p>\n<p>Elle est titulaire d\u2019une licence en droit \u2013 orientation droit priv\u00e9 et d\u2019un dipl\u00f4me d\u2019\u00e9tudes sp\u00e9cialis\u00e9es en droit \u00e9conomique \u2013 option droit de l\u2019entreprise tous deux obtenus \u00e0 l\u2019universit\u00e9 libre de Bruxelles ainsi qu\u2019un certificat universitaire en droit des assurances obtenu \u00e0 l\u2019universit\u00e9 catholique de Louvain.<\/p>\n<p>Elle conseille et assiste ses clients dans les contentieux relevant du droit de la responsabilit\u00e9 et des assurances, du droit de la r\u00e9paration des dommages corporels, du droit commercial et du droit de la construction en privil\u00e9giant dans la mesure du possible les modes alternatives de r\u00e9solution des litiges.<\/p>\n<p>M\u00e9diatrice agr\u00e9\u00e9e, elle intervient \u00e9galement en qualit\u00e9 de tiers neutre et ind\u00e9pendant en vue d\u2019aider, au moyen du processus de m\u00e9diation, les parties en conflit \u00e0 trouver ensemble une solution r\u00e9pondant \u00e0 leurs propres besoins.<\/p>\n<\/div>\n<\/div>\n","protected":false},"excerpt":{"rendered":"<p>Fatima HOUAT houat@iuris.be Fatima HOUAT est avocate au Barreau de Bruxelles depuis 2007 et m\u00e9diatrice agr\u00e9\u00e9e par la Commission f\u00e9d\u00e9rale de m\u00e9diation en mati\u00e8res civile et commerciale. Elle est titulaire d\u2019une licence en droit \u2013 orientation droit priv\u00e9 et d\u2019un dipl\u00f4me d\u2019\u00e9tudes sp\u00e9cialis\u00e9es en droit \u00e9conomique \u2013 option droit de l\u2019entreprise tous deux obtenus \u00e0 l\u2019universit\u00e9&#8230;<\/p>\n","protected":false},"author":1,"featured_media":774,"parent":0,"menu_order":9,"comment_status":"closed","ping_status":"closed","template":"","meta":[],"_links":{"self":[{"href":"https:\/\/iuris.be\/wp\/fr\/wp-json\/wp\/v2\/pages\/421"}],"collection":[{"href":"https:\/\/iuris.be\/wp\/fr\/wp-json\/wp\/v2\/pages"}],"about":[{"href":"https:\/\/iuris.be\/wp\/fr\/wp-json\/wp\/v2\/types\/page"}],"author":[{"embeddable":true,"href":"https:\/\/iuris.be\/wp\/fr\/wp-json\/wp\/v2\/users\/1"}],"replies":[{"embeddable":true,"href":"https:\/\/iuris.be\/wp\/fr\/wp-json\/wp\/v2\/comments?post=421"}],"version-history":[{"count":9,"href":"https:\/\/iuris.be\/wp\/fr\/wp-json\/wp\/v2\/pages\/421\/revisions"}],"predecessor-version":[{"id":777,"href":"https:\/\/iuris.be\/wp\/fr\/wp-json\/wp\/v2\/pages\/421\/revisions\/777"}],"wp:featuredmedia":[{"embeddable":true,"href":"https:\/\/iuris.be\/wp\/fr\/wp-json\/wp\/v2\/media\/774"}],"wp:attachment":[{"href":"https:\/\/iuris.be\/wp\/fr\/wp-json\/wp\/v2\/media?parent=421"}],"curies":[{"name":"wp","href":"https:\/\/api.w.org\/{rel}","templated":true}]}}