{"id":706,"date":"2019-01-06T18:04:51","date_gmt":"2019-01-06T17:04:51","guid":{"rendered":"http:\/\/iuris.be\/wp\/?page_id=706"},"modified":"2024-01-24T15:31:37","modified_gmt":"2024-01-24T14:31:37","slug":"annick-debroux-2","status":"publish","type":"page","link":"https:\/\/iuris.be\/wp\/fr\/annick-debroux-2","title":{"rendered":"Annick DEBROUX"},"content":{"rendered":"<h1>Annick DEBROUX<\/h1>\n<p><a class=\"email\" href=\"mailto:debroux@iuris.be\">debroux@iuris.be<\/a><\/p>\n<p>&nbsp;<\/p>\n<p><img loading=\"lazy\" class=\"size-medium wp-image-731 alignleft\" src=\"http:\/\/iuris.be\/wp\/wp-content\/uploads\/2020\/03\/DEBROUX--200x300.jpg\" alt=\"\" width=\"200\" height=\"300\" srcset=\"https:\/\/iuris.be\/wp\/wp-content\/uploads\/2020\/03\/DEBROUX--200x300.jpg 200w, https:\/\/iuris.be\/wp\/wp-content\/uploads\/2020\/03\/DEBROUX--768x1154.jpg 768w, https:\/\/iuris.be\/wp\/wp-content\/uploads\/2020\/03\/DEBROUX--681x1024.jpg 681w, https:\/\/iuris.be\/wp\/wp-content\/uploads\/2020\/03\/DEBROUX--500x752.jpg 500w, https:\/\/iuris.be\/wp\/wp-content\/uploads\/2020\/03\/DEBROUX-.jpg 1996w\" sizes=\"(max-width: 200px) 100vw, 200px\" \/>Annick DEBROUX est titulaire d\u2019une licence en droit de l\u2019UCL.<\/p>\n<p>Elle est avocat au barreau de Bruxelles depuis 1978<\/p>\n<p>Apr\u00e8s un stage consacr\u00e9 au droit de l\u2019assurance et de la responsabilit\u00e9 et parall\u00e8lement un stage \u00e0 la jeunesse, elle s\u2019est consacr\u00e9e pendant plus de 25 ans au droit des contrats civils et commerciaux( baux, contrats de distribution, de leasing, de franchise..)<\/p>\n<p>A partir de 2012, elle a orient\u00e9e sa carri\u00e8re en pratiquant le droit de l\u2019administration provisoire tout en continuant \u00e0 pratiquer de mani\u00e8re g\u00e9n\u00e9rale les contrats civils et commerciaux.<\/p>\n","protected":false},"excerpt":{"rendered":"<p>Annick DEBROUX debroux@iuris.be &nbsp; Annick DEBROUX est titulaire d\u2019une licence en droit de l\u2019UCL. Elle est avocat au barreau de Bruxelles depuis 1978 Apr\u00e8s un stage consacr\u00e9 au droit de l\u2019assurance et de la responsabilit\u00e9 et parall\u00e8lement un stage \u00e0 la jeunesse, elle s\u2019est consacr\u00e9e pendant plus de 25 ans au droit des contrats civils et&#8230;<\/p>\n","protected":false},"author":1,"featured_media":731,"parent":0,"menu_order":8,"comment_status":"closed","ping_status":"closed","template":"","meta":[],"_links":{"self":[{"href":"https:\/\/iuris.be\/wp\/fr\/wp-json\/wp\/v2\/pages\/706"}],"collection":[{"href":"https:\/\/iuris.be\/wp\/fr\/wp-json\/wp\/v2\/pages"}],"about":[{"href":"https:\/\/iuris.be\/wp\/fr\/wp-json\/wp\/v2\/types\/page"}],"author":[{"embeddable":true,"href":"https:\/\/iuris.be\/wp\/fr\/wp-json\/wp\/v2\/users\/1"}],"replies":[{"embeddable":true,"href":"https:\/\/iuris.be\/wp\/fr\/wp-json\/wp\/v2\/comments?post=706"}],"version-history":[{"count":7,"href":"https:\/\/iuris.be\/wp\/fr\/wp-json\/wp\/v2\/pages\/706\/revisions"}],"predecessor-version":[{"id":832,"href":"https:\/\/iuris.be\/wp\/fr\/wp-json\/wp\/v2\/pages\/706\/revisions\/832"}],"wp:featuredmedia":[{"embeddable":true,"href":"https:\/\/iuris.be\/wp\/fr\/wp-json\/wp\/v2\/media\/731"}],"wp:attachment":[{"href":"https:\/\/iuris.be\/wp\/fr\/wp-json\/wp\/v2\/media?parent=706"}],"curies":[{"name":"wp","href":"https:\/\/api.w.org\/{rel}","templated":true}]}}